{"id":9,"date":"2025-08-13T19:36:31","date_gmt":"2025-08-13T19:36:31","guid":{"rendered":"https:\/\/ungdomsmagasin.no\/?page_id=9"},"modified":"2025-10-02T06:54:10","modified_gmt":"2025-10-02T06:54:10","slug":"abonnement","status":"publish","type":"page","link":"https:\/\/ungdomsmagasin.no\/sma\/abonnement\/","title":{"rendered":"Abonnement"},"content":{"rendered":"\n<div class=\"wp-block-columns alignwide is-layout-flex wp-container-core-columns-is-layout-28f84493 wp-block-columns-is-layout-flex\">\n<div class=\"wp-block-column is-layout-flow wp-block-column-is-layout-flow\">\n<h2 class=\"wp-block-heading\">Abonnement<\/h2>\n\n\n\n<p>Vanlig abonnement varer i ett \u00e5r og koster 275 NOK.<\/p>\n\n\n\n<ul class=\"wp-block-list\">\n<li><a href=\"https:\/\/www.idut.no\/produktkategori\/ungdomsmagasinet-s\/abonnement\/\" target=\"_blank\" rel=\"noreferrer noopener\">Bestill abonnement<\/a><\/li>\n<\/ul>\n\n\n\n<h2 class=\"wp-block-heading\">Kj\u00f8p enkeltnummer:<\/h2>\n\n\n\n<ul class=\"wp-block-list\">\n<li><a href=\"https:\/\/www.idut.no\/produktkategori\/ungdomsmagasinet-s\/\" target=\"_blank\" rel=\"noreferrer noopener\">Bestill Papirversjon<\/a><\/li>\n\n\n\n<li><a href=\"https:\/\/www.buyandread.com\/next\/pub.htm?pub=s_nuoraidmagasiidna\" target=\"_blank\" rel=\"noreferrer noopener\">Bestill Digital versjon<\/a><\/li>\n<\/ul>\n\n\n\n<p><a href=\"https:\/\/ungdomsmagasin.no\/om-oss\/\" data-type=\"page\" data-id=\"11\">Har du sp\u00f8rsm\u00e5l eller tips? Ta kontakt<\/a><\/p>\n<\/div>\n\n\n\n<div class=\"wp-block-column is-layout-flow wp-block-column-is-layout-flow\">\n<figure data-wp-context=\"{&quot;imageId&quot;:&quot;6a028e2891fb8&quot;}\" data-wp-interactive=\"core\/image\" data-wp-key=\"6a028e2891fb8\" class=\"wp-block-image size-large wp-lightbox-container\"><img loading=\"lazy\" decoding=\"async\" width=\"1024\" height=\"683\" data-wp-class--hide=\"state.isContentHidden\" data-wp-class--show=\"state.isContentVisible\" data-wp-init=\"callbacks.setButtonStyles\" data-wp-on--click=\"actions.showLightbox\" data-wp-on--load=\"callbacks.setButtonStyles\" data-wp-on-window--resize=\"callbacks.setButtonStyles\" src=\"http:\/\/ungdomsmagasin.no\/wp-content\/uploads\/sites\/6\/2025\/09\/ungdomsmagasinet-uncategorized-46-scaled-1-1024x683.jpg\" alt=\"\" class=\"wp-image-730\" srcset=\"https:\/\/ungdomsmagasin.no\/sma\/wp-content\/uploads\/sites\/6\/2025\/09\/ungdomsmagasinet-uncategorized-46-scaled-1-1024x683.jpg 1024w, https:\/\/ungdomsmagasin.no\/sma\/wp-content\/uploads\/sites\/6\/2025\/09\/ungdomsmagasinet-uncategorized-46-scaled-1-300x200.jpg 300w, https:\/\/ungdomsmagasin.no\/sma\/wp-content\/uploads\/sites\/6\/2025\/09\/ungdomsmagasinet-uncategorized-46-scaled-1-768x512.jpg 768w, https:\/\/ungdomsmagasin.no\/sma\/wp-content\/uploads\/sites\/6\/2025\/09\/ungdomsmagasinet-uncategorized-46-scaled-1-1536x1024.jpg 1536w, https:\/\/ungdomsmagasin.no\/sma\/wp-content\/uploads\/sites\/6\/2025\/09\/ungdomsmagasinet-uncategorized-46-scaled-1.jpg 2048w\" sizes=\"auto, (max-width: 1024px) 100vw, 1024px\" \/><button\n\t\t\tclass=\"lightbox-trigger\"\n\t\t\ttype=\"button\"\n\t\t\taria-haspopup=\"dialog\"\n\t\t\taria-label=\"Forst\u00f8rr\"\n\t\t\tdata-wp-init=\"callbacks.initTriggerButton\"\n\t\t\tdata-wp-on--click=\"actions.showLightbox\"\n\t\t\tdata-wp-style--right=\"state.imageButtonRight\"\n\t\t\tdata-wp-style--top=\"state.imageButtonTop\"\n\t\t>\n\t\t\t<svg xmlns=\"http:\/\/www.w3.org\/2000\/svg\" width=\"12\" height=\"12\" fill=\"none\" viewBox=\"0 0 12 12\">\n\t\t\t\t<path fill=\"#fff\" d=\"M2 0a2 2 0 0 0-2 2v2h1.5V2a.5.5 0 0 1 .5-.5h2V0H2Zm2 10.5H2a.5.5 0 0 1-.5-.5V8H0v2a2 2 0 0 0 2 2h2v-1.5ZM8 12v-1.5h2a.5.5 0 0 0 .5-.5V8H12v2a2 2 0 0 1-2 2H8Zm2-12a2 2 0 0 1 2 2v2h-1.5V2a.5.5 0 0 0-.5-.5H8V0h2Z\" \/>\n\t\t\t<\/svg>\n\t\t<\/button><\/figure>\n<\/div>\n<\/div>\n","protected":false},"excerpt":{"rendered":"<p>Abonnement Vanlig abonnement varer i ett \u00e5r og koster 275 NOK. Kj\u00f8p enkeltnummer: Har du sp\u00f8rsm\u00e5l eller tips? Ta kontakt<\/p>\n","protected":false},"author":1,"featured_media":0,"parent":0,"menu_order":0,"comment_status":"closed","ping_status":"closed","template":"","meta":{"editor_notices":[],"footnotes":""},"class_list":["post-9","page","type-page","status-publish","hentry"],"_links":{"self":[{"href":"https:\/\/ungdomsmagasin.no\/sma\/wp-json\/wp\/v2\/pages\/9","targetHints":{"allow":["GET"]}}],"collection":[{"href":"https:\/\/ungdomsmagasin.no\/sma\/wp-json\/wp\/v2\/pages"}],"about":[{"href":"https:\/\/ungdomsmagasin.no\/sma\/wp-json\/wp\/v2\/types\/page"}],"author":[{"embeddable":true,"href":"https:\/\/ungdomsmagasin.no\/sma\/wp-json\/wp\/v2\/users\/1"}],"replies":[{"embeddable":true,"href":"https:\/\/ungdomsmagasin.no\/sma\/wp-json\/wp\/v2\/comments?post=9"}],"version-history":[{"count":0,"href":"https:\/\/ungdomsmagasin.no\/sma\/wp-json\/wp\/v2\/pages\/9\/revisions"}],"wp:attachment":[{"href":"https:\/\/ungdomsmagasin.no\/sma\/wp-json\/wp\/v2\/media?parent=9"}],"curies":[{"name":"wp","href":"https:\/\/api.w.org\/{rel}","templated":true}]}}